{"id":792,"date":"2025-11-06T12:03:03","date_gmt":"2025-11-06T11:03:03","guid":{"rendered":"https:\/\/bsbh.fr\/?page_id=792"},"modified":"2025-11-06T12:08:08","modified_gmt":"2025-11-06T11:08:08","slug":"bsbh-intelligence","status":"publish","type":"page","link":"https:\/\/bsbh.fr\/index.php\/bsbh-intelligence\/","title":{"rendered":"BSBH INTELLIGENCE"},"content":{"rendered":"\t\t<div data-elementor-type=\"wp-page\" data-elementor-id=\"792\" class=\"elementor elementor-792\" data-elementor-post-type=\"page\">\n\t\t\t\t<div class=\"elementor-element elementor-element-673fd73 e-flex e-con-boxed e-con e-parent\" data-id=\"673fd73\" data-element_type=\"container\" data-e-type=\"container\" data-settings=\"{&quot;background_background&quot;:&quot;slideshow&quot;,&quot;background_slideshow_gallery&quot;:[],&quot;background_slideshow_loop&quot;:&quot;yes&quot;,&quot;background_slideshow_slide_duration&quot;:5000,&quot;background_slideshow_slide_transition&quot;:&quot;fade&quot;,&quot;background_slideshow_transition_duration&quot;:500}\">\n\t\t\t\t\t<div class=\"e-con-inner\">\n\t\t<div class=\"elementor-element elementor-element-5f46ea3 e-con-full e-flex e-con e-child\" data-id=\"5f46ea3\" data-element_type=\"container\" data-e-type=\"container\" data-settings=\"{&quot;background_background&quot;:&quot;slideshow&quot;,&quot;background_slideshow_gallery&quot;:[{&quot;id&quot;:596,&quot;url&quot;:&quot;http:\\\/\\\/bsbh.fr\\\/wp-content\\\/uploads\\\/2025\\\/10\\\/6.png&quot;}],&quot;background_slideshow_loop&quot;:&quot;yes&quot;,&quot;background_slideshow_slide_duration&quot;:5000,&quot;background_slideshow_slide_transition&quot;:&quot;fade&quot;,&quot;background_slideshow_transition_duration&quot;:500}\">\n\t\t\t\t<div class=\"elementor-element elementor-element-f07bda7 elementor-widget elementor-widget-heading\" data-id=\"f07bda7\" data-element_type=\"widget\" data-e-type=\"widget\" data-widget_type=\"heading.default\">\n\t\t\t\t<div class=\"elementor-widget-container\">\n\t\t\t\t\t<h1 class=\"elementor-heading-title elementor-size-default\">BSBH INTELLIGENCE<\/h1>\t\t\t\t<\/div>\n\t\t\t\t<\/div>\n\t\t\t\t<div class=\"elementor-element elementor-element-1b82b18 elementor-widget__width-initial elementor-widget elementor-widget-text-editor\" data-id=\"1b82b18\" data-element_type=\"widget\" data-e-type=\"widget\" data-widget_type=\"text-editor.default\">\n\t\t\t\t<div class=\"elementor-widget-container\">\n\t\t\t\t\t\t\t\t\t<p>L\u2019intelligence \u00e9nerg\u00e9tique et technique au c\u0153ur de votre patrimoine.<br data-start=\"733\" data-end=\"736\" \/>BSBH Intelligence est notre prochaine \u00e9tape : une plateforme centralis\u00e9e qui unifie les donn\u00e9es issues de vos audits, GTB et EMS pour transformer l\u2019information en performance.<\/p>\t\t\t\t\t\t\t\t<\/div>\n\t\t\t\t<\/div>\n\t\t\t\t<\/div>\n\t\t<div class=\"elementor-element elementor-element-dc72f48 e-con-full e-flex e-con e-child\" data-id=\"dc72f48\" data-element_type=\"container\" data-e-type=\"container\">\n\t\t<div class=\"elementor-element elementor-element-718f3b8 e-con-full e-flex e-con e-child\" data-id=\"718f3b8\" data-element_type=\"container\" data-e-type=\"container\">\n\t\t<div class=\"elementor-element elementor-element-d64a3e4 e-con-full e-flex e-con e-child\" data-id=\"d64a3e4\" data-element_type=\"container\" data-e-type=\"container\">\n\t\t\t\t<div class=\"elementor-element elementor-element-9bbd0d3 elementor-widget elementor-widget-text-editor\" data-id=\"9bbd0d3\" data-element_type=\"widget\" data-e-type=\"widget\" data-widget_type=\"text-editor.default\">\n\t\t\t\t<div class=\"elementor-widget-container\">\n\t\t\t\t\t\t\t\t\t<h2 data-start=\"966\" data-end=\"1162\"><strong>La convergence de vos donn\u00e9es au service de la performance<\/strong><\/h2><p data-start=\"966\" data-end=\"1162\">Chez BSBH \u00c9nergie, nous d\u00e9veloppons <strong data-start=\"1002\" data-end=\"1023\">BSBH Intelligence<\/strong>, un module avanc\u00e9 con\u00e7u pour <strong data-start=\"1053\" data-end=\"1085\">analyser, pr\u00e9dire et piloter<\/strong> vos performances \u00e9nerg\u00e9tiques en s\u2019appuyant sur la m\u00e9thodologie <strong data-start=\"1150\" data-end=\"1159\">IPMVP<\/strong>.<\/p><p data-start=\"1169\" data-end=\"1373\">Ce projet en cours de conception vise \u00e0 connecter l\u2019ensemble des briques existantes de nos solutions (Audit, GTB, EMS, Analyse) pour cr\u00e9er un <strong data-start=\"1311\" data-end=\"1370\">\u00e9cosyst\u00e8me global de management \u00e9nerg\u00e9tique intelligent<\/strong>.<\/p><p data-start=\"1380\" data-end=\"1531\">L\u2019objectif : donner aux exploitants, aux responsables \u00e9nergie et aux d\u00e9cideurs une <strong data-start=\"1463\" data-end=\"1511\">vision consolid\u00e9e, pr\u00e9dictive et actionnable<\/strong> de leurs b\u00e2timents.<\/p><h5 data-start=\"1538\" data-end=\"1595\"><strong data-start=\"1545\" data-end=\"1595\">Ce que BSBH Intelligence apportera<\/strong><\/h5><blockquote data-start=\"1596\" data-end=\"2056\"><p data-start=\"1598\" data-end=\"1636\"><strong data-start=\"1598\" data-end=\"1636\">Fonctionnalit\u00e9s en d\u00e9veloppement :<\/strong><\/p><\/blockquote><blockquote data-start=\"1596\" data-end=\"2056\"><p data-start=\"1598\" data-end=\"1636\"><strong data-start=\"1598\" data-end=\"1636\">Fonctionnalit\u00e9s en d\u00e9veloppement :<\/strong><\/p><ul data-start=\"1639\" data-end=\"2056\"><li data-start=\"1639\" data-end=\"1701\"><p data-start=\"1641\" data-end=\"1701\"><img decoding=\"async\" class=\"emoji\" role=\"img\" draggable=\"false\" src=\"https:\/\/s.w.org\/images\/core\/emoji\/16.0.1\/svg\/1f517.svg\" alt=\"\ud83d\udd17\" \/> <strong data-start=\"1644\" data-end=\"1665\">Connexion unifi\u00e9e<\/strong> des donn\u00e9es GTB, EMS et comptage.<\/p><\/li><li data-start=\"1704\" data-end=\"1776\"><p data-start=\"1706\" data-end=\"1776\"><img decoding=\"async\" class=\"emoji\" role=\"img\" draggable=\"false\" src=\"https:\/\/s.w.org\/images\/core\/emoji\/16.0.1\/svg\/1f4ca.svg\" alt=\"\ud83d\udcca\" \/> <strong data-start=\"1709\" data-end=\"1740\">Tableaux de bord dynamiques<\/strong> multi-sites et multi-indicateurs.<\/p><\/li><li data-start=\"1779\" data-end=\"1858\"><p data-start=\"1781\" data-end=\"1858\"><img decoding=\"async\" class=\"emoji\" role=\"img\" draggable=\"false\" src=\"https:\/\/s.w.org\/images\/core\/emoji\/16.0.1\/svg\/1f9ee.svg\" alt=\"\ud83e\uddee\" \/> <strong data-start=\"1784\" data-end=\"1813\">Analyse IPMVP automatis\u00e9e<\/strong> : suivi des gains, ajustements, sc\u00e9narios.<\/p><\/li><li data-start=\"1861\" data-end=\"1958\"><p data-start=\"1863\" data-end=\"1958\"><img decoding=\"async\" class=\"emoji\" role=\"img\" draggable=\"false\" src=\"https:\/\/s.w.org\/images\/core\/emoji\/16.0.1\/svg\/1f916.svg\" alt=\"\ud83e\udd16\" \/> <strong data-start=\"1866\" data-end=\"1892\">Moteur d\u2019IA pr\u00e9dictive<\/strong> pour anticiper les d\u00e9rives et proposer des actions correctives.<\/p><\/li><li data-start=\"1961\" data-end=\"2056\"><p data-start=\"1963\" data-end=\"2056\"><img decoding=\"async\" class=\"emoji\" role=\"img\" draggable=\"false\" src=\"https:\/\/s.w.org\/images\/core\/emoji\/16.0.1\/svg\/1f4ac.svg\" alt=\"\ud83d\udcac\" \/> <strong data-start=\"1966\" data-end=\"1993\">Interface collaborative<\/strong> pour le partage entre exploitants, \u00e9nerg\u00e9ticiens et clients.<\/p><\/li><\/ul><\/blockquote><blockquote data-start=\"2058\" data-end=\"2175\"><p data-start=\"2060\" data-end=\"2175\">Ces fonctions sont actuellement en cours d\u2019int\u00e9gration et seront progressivement d\u00e9ploy\u00e9es dans les prochains mois.<\/p><\/blockquote><h5 data-start=\"2232\" data-end=\"2372\"><strong>Pourquoi cette \u00e9volution<\/strong><\/h5><p data-start=\"2232\" data-end=\"2372\">L\u2019intelligence \u00e9nerg\u00e9tique devient essentielle dans un contexte de r\u00e9glementation renforc\u00e9e (D\u00e9cret Tertiaire, BACS, performance globale).<\/p><p data-start=\"2379\" data-end=\"2457\">BSBH Intelligence est n\u00e9e de notre exp\u00e9rience terrain et de notre volont\u00e9 de :<\/p><ul data-start=\"2460\" data-end=\"2696\"><li data-start=\"2460\" data-end=\"2502\"><p data-start=\"2462\" data-end=\"2502\"><strong data-start=\"2462\" data-end=\"2499\">Simplifier la lecture des donn\u00e9es<\/strong>,<\/p><\/li><li data-start=\"2505\" data-end=\"2541\"><p data-start=\"2507\" data-end=\"2541\"><strong data-start=\"2507\" data-end=\"2538\">Automatiser la mesure IPMVP<\/strong>,<\/p><\/li><li data-start=\"2544\" data-end=\"2604\"><p data-start=\"2546\" data-end=\"2604\"><strong data-start=\"2546\" data-end=\"2601\">Favoriser la prise de d\u00e9cision \u00e9nerg\u00e9tique \u00e9clair\u00e9e<\/strong>,<\/p><\/li><li data-start=\"2607\" data-end=\"2696\"><p data-start=\"2609\" data-end=\"2696\">et <strong data-start=\"2612\" data-end=\"2652\">valoriser les actions de performance<\/strong> \u00e0 travers des outils de reporting int\u00e9gr\u00e9s.<\/p><\/li><\/ul>\t\t\t\t\t\t\t\t<\/div>\n\t\t\t\t<\/div>\n\t\t\t\t<\/div>\n\t\t<div class=\"elementor-element elementor-element-c04a256 e-con-full e-flex e-con e-child\" data-id=\"c04a256\" data-element_type=\"container\" data-e-type=\"container\">\n\t\t\t\t<div class=\"elementor-element elementor-element-f2fe638 elementor-widget elementor-widget-image\" data-id=\"f2fe638\" data-element_type=\"widget\" data-e-type=\"widget\" data-widget_type=\"image.default\">\n\t\t\t\t<div class=\"elementor-widget-container\">\n\t\t\t\t\t\t\t\t\t\t\t\t\t\t\t<img fetchpriority=\"high\" decoding=\"async\" width=\"768\" height=\"439\" src=\"https:\/\/bsbh.fr\/wp-content\/uploads\/2025\/11\/IA2-768x439.webp\" class=\"attachment-medium_large size-medium_large wp-image-795\" alt=\"\" srcset=\"https:\/\/bsbh.fr\/wp-content\/uploads\/2025\/11\/IA2-768x439.webp 768w, https:\/\/bsbh.fr\/wp-content\/uploads\/2025\/11\/IA2-300x171.webp 300w, https:\/\/bsbh.fr\/wp-content\/uploads\/2025\/11\/IA2-1024x585.webp 1024w, https:\/\/bsbh.fr\/wp-content\/uploads\/2025\/11\/IA2-1536x878.webp 1536w, https:\/\/bsbh.fr\/wp-content\/uploads\/2025\/11\/IA2.webp 1920w\" sizes=\"(max-width: 768px) 100vw, 768px\" \/>\t\t\t\t\t\t\t\t\t\t\t\t\t\t\t<\/div>\n\t\t\t\t<\/div>\n\t\t\t\t<div class=\"elementor-element elementor-element-e4a3953 elementor-view-default elementor-widget elementor-widget-icon\" data-id=\"e4a3953\" data-element_type=\"widget\" data-e-type=\"widget\" data-widget_type=\"icon.default\">\n\t\t\t\t<div class=\"elementor-widget-container\">\n\t\t\t\t\t\t\t<div class=\"elementor-icon-wrapper\">\n\t\t\t<div class=\"elementor-icon\">\n\t\t\t<svg aria-hidden=\"true\" class=\"e-font-icon-svg e-fas-long-arrow-alt-down\" viewBox=\"0 0 256 512\" xmlns=\"http:\/\/www.w3.org\/2000\/svg\"><path d=\"M168 345.941V44c0-6.627-5.373-12-12-12h-56c-6.627 0-12 5.373-12 12v301.941H41.941c-21.382 0-32.09 25.851-16.971 40.971l86.059 86.059c9.373 9.373 24.569 9.373 33.941 0l86.059-86.059c15.119-15.119 4.411-40.971-16.971-40.971H168z\"><\/path><\/svg>\t\t\t<\/div>\n\t\t<\/div>\n\t\t\t\t\t\t<\/div>\n\t\t\t\t<\/div>\n\t\t\t\t<div class=\"elementor-element elementor-element-c70e57f elementor-widget elementor-widget-image\" data-id=\"c70e57f\" data-element_type=\"widget\" data-e-type=\"widget\" data-widget_type=\"image.default\">\n\t\t\t\t<div class=\"elementor-widget-container\">\n\t\t\t\t\t\t\t\t\t\t\t\t\t\t\t<img decoding=\"async\" width=\"800\" height=\"534\" src=\"https:\/\/bsbh.fr\/wp-content\/uploads\/2025\/11\/IA1.jpg.webp\" class=\"attachment-large size-large wp-image-794\" alt=\"\" srcset=\"https:\/\/bsbh.fr\/wp-content\/uploads\/2025\/11\/IA1.jpg.webp 1024w, https:\/\/bsbh.fr\/wp-content\/uploads\/2025\/11\/IA1.jpg-300x200.webp 300w, https:\/\/bsbh.fr\/wp-content\/uploads\/2025\/11\/IA1.jpg-768x512.webp 768w\" sizes=\"(max-width: 800px) 100vw, 800px\" \/>\t\t\t\t\t\t\t\t\t\t\t\t\t\t\t<\/div>\n\t\t\t\t<\/div>\n\t\t\t\t<div class=\"elementor-element elementor-element-66d080d elementor-view-default elementor-widget elementor-widget-icon\" data-id=\"66d080d\" data-element_type=\"widget\" data-e-type=\"widget\" data-widget_type=\"icon.default\">\n\t\t\t\t<div class=\"elementor-widget-container\">\n\t\t\t\t\t\t\t<div class=\"elementor-icon-wrapper\">\n\t\t\t<div class=\"elementor-icon\">\n\t\t\t<svg aria-hidden=\"true\" class=\"e-font-icon-svg e-fas-long-arrow-alt-down\" viewBox=\"0 0 256 512\" xmlns=\"http:\/\/www.w3.org\/2000\/svg\"><path d=\"M168 345.941V44c0-6.627-5.373-12-12-12h-56c-6.627 0-12 5.373-12 12v301.941H41.941c-21.382 0-32.09 25.851-16.971 40.971l86.059 86.059c9.373 9.373 24.569 9.373 33.941 0l86.059-86.059c15.119-15.119 4.411-40.971-16.971-40.971H168z\"><\/path><\/svg>\t\t\t<\/div>\n\t\t<\/div>\n\t\t\t\t\t\t<\/div>\n\t\t\t\t<\/div>\n\t\t\t\t<div class=\"elementor-element elementor-element-6e9f765 elementor-widget elementor-widget-image\" data-id=\"6e9f765\" data-element_type=\"widget\" data-e-type=\"widget\" data-widget_type=\"image.default\">\n\t\t\t\t<div class=\"elementor-widget-container\">\n\t\t\t\t\t\t\t\t\t\t\t\t\t\t\t<img decoding=\"async\" width=\"800\" height=\"303\" src=\"https:\/\/bsbh.fr\/wp-content\/uploads\/2025\/11\/smart-city-1-1024x388.jpeg\" class=\"attachment-large size-large wp-image-796\" alt=\"\" srcset=\"https:\/\/bsbh.fr\/wp-content\/uploads\/2025\/11\/smart-city-1-1024x388.jpeg 1024w, https:\/\/bsbh.fr\/wp-content\/uploads\/2025\/11\/smart-city-1-300x114.jpeg 300w, https:\/\/bsbh.fr\/wp-content\/uploads\/2025\/11\/smart-city-1-768x291.jpeg 768w, https:\/\/bsbh.fr\/wp-content\/uploads\/2025\/11\/smart-city-1-1536x581.jpeg 1536w, https:\/\/bsbh.fr\/wp-content\/uploads\/2025\/11\/smart-city-1.jpeg 1900w\" sizes=\"(max-width: 800px) 100vw, 800px\" \/>\t\t\t\t\t\t\t\t\t\t\t\t\t\t\t<\/div>\n\t\t\t\t<\/div>\n\t\t\t\t<\/div>\n\t\t\t\t<\/div>\n\t\t\t\t<\/div>\n\t\t\t\t\t<\/div>\n\t\t\t\t<\/div>\n\t\t<div class=\"elementor-element elementor-element-8271ee0 e-flex e-con-boxed e-con e-parent\" data-id=\"8271ee0\" data-element_type=\"container\" data-e-type=\"container\" data-settings=\"{&quot;background_background&quot;:&quot;slideshow&quot;,&quot;background_slideshow_gallery&quot;:[{&quot;id&quot;:596,&quot;url&quot;:&quot;http:\\\/\\\/bsbh.fr\\\/wp-content\\\/uploads\\\/2025\\\/10\\\/6.png&quot;}],&quot;background_slideshow_loop&quot;:&quot;yes&quot;,&quot;background_slideshow_slide_duration&quot;:5000,&quot;background_slideshow_slide_transition&quot;:&quot;fade&quot;,&quot;background_slideshow_transition_duration&quot;:500}\">\n\t\t\t\t\t<div class=\"e-con-inner\">\n\t\t\t\t<div class=\"elementor-element elementor-element-305cefe elementor-widget elementor-widget-heading\" data-id=\"305cefe\" data-element_type=\"widget\" data-e-type=\"widget\" data-widget_type=\"heading.default\">\n\t\t\t\t<div class=\"elementor-widget-container\">\n\t\t\t\t\t<h2 class=\"elementor-heading-title elementor-size-default\">BSBH Intelligence est actuellement en d\u00e9veloppement interne.<\/h2>\t\t\t\t<\/div>\n\t\t\t\t<\/div>\n\t\t\t\t<div class=\"elementor-element elementor-element-4a2f3f7 elementor-widget__width-initial elementor-widget elementor-widget-text-editor\" data-id=\"4a2f3f7\" data-element_type=\"widget\" data-e-type=\"widget\" data-widget_type=\"text-editor.default\">\n\t\t\t\t<div class=\"elementor-widget-container\">\n\t\t\t\t\t\t\t\t\t<p>Vous souhaitez \u00eatre inform\u00e9 du lancement ou participer \u00e0 la phase pilote ?<br data-start=\"2890\" data-end=\"2893\" \/>\ud83d\udc49 <strong data-start=\"2898\" data-end=\"2931\">Contactez-nous d\u00e8s maintenant<\/strong> via notre formulaire pour rejoindre les premiers utilisateurs.<\/p>\t\t\t\t\t\t\t\t<\/div>\n\t\t\t\t<\/div>\n\t\t\t\t<div class=\"elementor-element elementor-element-8d2e96f elementor-align-center elementor-widget elementor-widget-button\" data-id=\"8d2e96f\" data-element_type=\"widget\" data-e-type=\"widget\" data-widget_type=\"button.default\">\n\t\t\t\t<div class=\"elementor-widget-container\">\n\t\t\t\t\t\t\t\t\t<div class=\"elementor-button-wrapper\">\n\t\t\t\t\t<a class=\"elementor-button elementor-button-link elementor-size-sm\" href=\"https:\/\/bsbh.fr\/index.php\/contact-us\/\">\n\t\t\t\t\t\t<span class=\"elementor-button-content-wrapper\">\n\t\t\t\t\t\t\t\t\t<span class=\"elementor-button-text\">\u00catre inform\u00e9 du lancement<\/span>\n\t\t\t\t\t<\/span>\n\t\t\t\t\t<\/a>\n\t\t\t\t<\/div>\n\t\t\t\t\t\t\t\t<\/div>\n\t\t\t\t<\/div>\n\t\t\t\t\t<\/div>\n\t\t\t\t<\/div>\n\t\t\t\t<\/div>\n\t\t","protected":false},"excerpt":{"rendered":"<p>BSBH INTELLIGENCE L\u2019intelligence \u00e9nerg\u00e9tique et technique au c\u0153ur de votre patrimoine.BSBH Intelligence est notre prochaine \u00e9tape : une plateforme centralis\u00e9e qui unifie les donn\u00e9es issues de vos audits, GTB et EMS pour transformer l\u2019information en performance. La convergence de vos donn\u00e9es au service de la performance Chez BSBH \u00c9nergie, nous d\u00e9veloppons BSBH Intelligence, un module [&hellip;]<\/p>\n","protected":false},"author":1,"featured_media":0,"parent":0,"menu_order":0,"comment_status":"closed","ping_status":"closed","template":"","meta":{"iawp_total_views":4,"footnotes":""},"class_list":["post-792","page","type-page","status-publish","hentry"],"yoast_head":"<!-- This site is optimized with the Yoast SEO plugin v24.2 - https:\/\/yoast.com\/wordpress\/plugins\/seo\/ -->\n<title>BSBH INTELLIGENCE - BSBH Energie<\/title>\n<meta name=\"description\" content=\"Analysez vos donn\u00e9es \u00e9nergie selon IPMVP avec BSBH. Mod\u00e9lisation, corr\u00e9lations et reporting clair pour valoriser vos actions et atteindre vos objectifs.\" \/>\n<meta name=\"robots\" content=\"index, follow, max-snippet:-1, max-image-preview:large, max-video-preview:-1\" \/>\n<link rel=\"canonical\" href=\"https:\/\/bsbh.fr\/index.php\/bsbh-intelligence\/\" \/>\n<meta property=\"og:locale\" content=\"fr_FR\" \/>\n<meta property=\"og:type\" content=\"article\" \/>\n<meta property=\"og:title\" content=\"BSBH INTELLIGENCE - BSBH Energie\" \/>\n<meta property=\"og:description\" content=\"Analysez vos donn\u00e9es \u00e9nergie selon IPMVP avec BSBH. Mod\u00e9lisation, corr\u00e9lations et reporting clair pour valoriser vos actions et atteindre vos objectifs.\" \/>\n<meta property=\"og:url\" content=\"https:\/\/bsbh.fr\/index.php\/bsbh-intelligence\/\" \/>\n<meta property=\"og:site_name\" content=\"BSBH Energie\" \/>\n<meta property=\"article:modified_time\" content=\"2025-11-06T11:08:08+00:00\" \/>\n<meta property=\"og:image\" content=\"https:\/\/s.w.org\/images\/core\/emoji\/16.0.1\/svg\/1f517.svg\" \/>\n<meta name=\"twitter:card\" content=\"summary_large_image\" \/>\n<meta name=\"twitter:label1\" content=\"Dur\u00e9e de lecture estim\u00e9e\" \/>\n\t<meta name=\"twitter:data1\" content=\"2 minutes\" \/>\n<script type=\"application\/ld+json\" class=\"yoast-schema-graph\">{\"@context\":\"https:\/\/schema.org\",\"@graph\":[{\"@type\":\"WebPage\",\"@id\":\"https:\/\/bsbh.fr\/index.php\/bsbh-intelligence\/\",\"url\":\"https:\/\/bsbh.fr\/index.php\/bsbh-intelligence\/\",\"name\":\"BSBH INTELLIGENCE - BSBH Energie\",\"isPartOf\":{\"@id\":\"https:\/\/bsbh.fr\/#website\"},\"primaryImageOfPage\":{\"@id\":\"https:\/\/bsbh.fr\/index.php\/bsbh-intelligence\/#primaryimage\"},\"image\":{\"@id\":\"https:\/\/bsbh.fr\/index.php\/bsbh-intelligence\/#primaryimage\"},\"thumbnailUrl\":\"https:\/\/s.w.org\/images\/core\/emoji\/16.0.1\/svg\/1f517.svg\",\"datePublished\":\"2025-11-06T11:03:03+00:00\",\"dateModified\":\"2025-11-06T11:08:08+00:00\",\"description\":\"Analysez vos donn\u00e9es \u00e9nergie selon IPMVP avec BSBH. Mod\u00e9lisation, corr\u00e9lations et reporting clair pour valoriser vos actions et atteindre vos objectifs.\",\"breadcrumb\":{\"@id\":\"https:\/\/bsbh.fr\/index.php\/bsbh-intelligence\/#breadcrumb\"},\"inLanguage\":\"fr-FR\",\"potentialAction\":[{\"@type\":\"ReadAction\",\"target\":[\"https:\/\/bsbh.fr\/index.php\/bsbh-intelligence\/\"]}]},{\"@type\":\"ImageObject\",\"inLanguage\":\"fr-FR\",\"@id\":\"https:\/\/bsbh.fr\/index.php\/bsbh-intelligence\/#primaryimage\",\"url\":\"https:\/\/s.w.org\/images\/core\/emoji\/16.0.1\/svg\/1f517.svg\",\"contentUrl\":\"https:\/\/s.w.org\/images\/core\/emoji\/16.0.1\/svg\/1f517.svg\"},{\"@type\":\"BreadcrumbList\",\"@id\":\"https:\/\/bsbh.fr\/index.php\/bsbh-intelligence\/#breadcrumb\",\"itemListElement\":[{\"@type\":\"ListItem\",\"position\":1,\"name\":\"Accueil\",\"item\":\"https:\/\/bsbh.fr\/\"},{\"@type\":\"ListItem\",\"position\":2,\"name\":\"BSBH INTELLIGENCE\"}]},{\"@type\":\"WebSite\",\"@id\":\"https:\/\/bsbh.fr\/#website\",\"url\":\"https:\/\/bsbh.fr\/\",\"name\":\"BSBH Energie\",\"description\":\"\",\"publisher\":{\"@id\":\"https:\/\/bsbh.fr\/#organization\"},\"potentialAction\":[{\"@type\":\"SearchAction\",\"target\":{\"@type\":\"EntryPoint\",\"urlTemplate\":\"https:\/\/bsbh.fr\/?s={search_term_string}\"},\"query-input\":{\"@type\":\"PropertyValueSpecification\",\"valueRequired\":true,\"valueName\":\"search_term_string\"}}],\"inLanguage\":\"fr-FR\"},{\"@type\":\"Organization\",\"@id\":\"https:\/\/bsbh.fr\/#organization\",\"name\":\"BSBH Energie\",\"url\":\"https:\/\/bsbh.fr\/\",\"logo\":{\"@type\":\"ImageObject\",\"inLanguage\":\"fr-FR\",\"@id\":\"https:\/\/bsbh.fr\/#\/schema\/logo\/image\/\",\"url\":\"https:\/\/bsbh.fr\/wp-content\/uploads\/2024\/09\/4-300x300-1-e1761741372122.png\",\"contentUrl\":\"https:\/\/bsbh.fr\/wp-content\/uploads\/2024\/09\/4-300x300-1-e1761741372122.png\",\"width\":196,\"height\":126,\"caption\":\"BSBH Energie\"},\"image\":{\"@id\":\"https:\/\/bsbh.fr\/#\/schema\/logo\/image\/\"},\"sameAs\":[\"https:\/\/www.linkedin.com\/company\/101250142\"]}]}<\/script>\n<!-- \/ Yoast SEO plugin. -->","yoast_head_json":{"title":"BSBH INTELLIGENCE - BSBH Energie","description":"Analysez vos donn\u00e9es \u00e9nergie selon IPMVP avec BSBH. Mod\u00e9lisation, corr\u00e9lations et reporting clair pour valoriser vos actions et atteindre vos objectifs.","robots":{"index":"index","follow":"follow","max-snippet":"max-snippet:-1","max-image-preview":"max-image-preview:large","max-video-preview":"max-video-preview:-1"},"canonical":"https:\/\/bsbh.fr\/index.php\/bsbh-intelligence\/","og_locale":"fr_FR","og_type":"article","og_title":"BSBH INTELLIGENCE - BSBH Energie","og_description":"Analysez vos donn\u00e9es \u00e9nergie selon IPMVP avec BSBH. Mod\u00e9lisation, corr\u00e9lations et reporting clair pour valoriser vos actions et atteindre vos objectifs.","og_url":"https:\/\/bsbh.fr\/index.php\/bsbh-intelligence\/","og_site_name":"BSBH Energie","article_modified_time":"2025-11-06T11:08:08+00:00","og_image":[{"url":"https:\/\/s.w.org\/images\/core\/emoji\/16.0.1\/svg\/1f517.svg","type":"","width":"","height":""}],"twitter_card":"summary_large_image","twitter_misc":{"Dur\u00e9e de lecture estim\u00e9e":"2 minutes"},"schema":{"@context":"https:\/\/schema.org","@graph":[{"@type":"WebPage","@id":"https:\/\/bsbh.fr\/index.php\/bsbh-intelligence\/","url":"https:\/\/bsbh.fr\/index.php\/bsbh-intelligence\/","name":"BSBH INTELLIGENCE - BSBH Energie","isPartOf":{"@id":"https:\/\/bsbh.fr\/#website"},"primaryImageOfPage":{"@id":"https:\/\/bsbh.fr\/index.php\/bsbh-intelligence\/#primaryimage"},"image":{"@id":"https:\/\/bsbh.fr\/index.php\/bsbh-intelligence\/#primaryimage"},"thumbnailUrl":"https:\/\/s.w.org\/images\/core\/emoji\/16.0.1\/svg\/1f517.svg","datePublished":"2025-11-06T11:03:03+00:00","dateModified":"2025-11-06T11:08:08+00:00","description":"Analysez vos donn\u00e9es \u00e9nergie selon IPMVP avec BSBH. Mod\u00e9lisation, corr\u00e9lations et reporting clair pour valoriser vos actions et atteindre vos objectifs.","breadcrumb":{"@id":"https:\/\/bsbh.fr\/index.php\/bsbh-intelligence\/#breadcrumb"},"inLanguage":"fr-FR","potentialAction":[{"@type":"ReadAction","target":["https:\/\/bsbh.fr\/index.php\/bsbh-intelligence\/"]}]},{"@type":"ImageObject","inLanguage":"fr-FR","@id":"https:\/\/bsbh.fr\/index.php\/bsbh-intelligence\/#primaryimage","url":"https:\/\/s.w.org\/images\/core\/emoji\/16.0.1\/svg\/1f517.svg","contentUrl":"https:\/\/s.w.org\/images\/core\/emoji\/16.0.1\/svg\/1f517.svg"},{"@type":"BreadcrumbList","@id":"https:\/\/bsbh.fr\/index.php\/bsbh-intelligence\/#breadcrumb","itemListElement":[{"@type":"ListItem","position":1,"name":"Accueil","item":"https:\/\/bsbh.fr\/"},{"@type":"ListItem","position":2,"name":"BSBH INTELLIGENCE"}]},{"@type":"WebSite","@id":"https:\/\/bsbh.fr\/#website","url":"https:\/\/bsbh.fr\/","name":"BSBH Energie","description":"","publisher":{"@id":"https:\/\/bsbh.fr\/#organization"},"potentialAction":[{"@type":"SearchAction","target":{"@type":"EntryPoint","urlTemplate":"https:\/\/bsbh.fr\/?s={search_term_string}"},"query-input":{"@type":"PropertyValueSpecification","valueRequired":true,"valueName":"search_term_string"}}],"inLanguage":"fr-FR"},{"@type":"Organization","@id":"https:\/\/bsbh.fr\/#organization","name":"BSBH Energie","url":"https:\/\/bsbh.fr\/","logo":{"@type":"ImageObject","inLanguage":"fr-FR","@id":"https:\/\/bsbh.fr\/#\/schema\/logo\/image\/","url":"https:\/\/bsbh.fr\/wp-content\/uploads\/2024\/09\/4-300x300-1-e1761741372122.png","contentUrl":"https:\/\/bsbh.fr\/wp-content\/uploads\/2024\/09\/4-300x300-1-e1761741372122.png","width":196,"height":126,"caption":"BSBH Energie"},"image":{"@id":"https:\/\/bsbh.fr\/#\/schema\/logo\/image\/"},"sameAs":["https:\/\/www.linkedin.com\/company\/101250142"]}]}},"_links":{"self":[{"href":"https:\/\/bsbh.fr\/index.php\/wp-json\/wp\/v2\/pages\/792","targetHints":{"allow":["GET"]}}],"collection":[{"href":"https:\/\/bsbh.fr\/index.php\/wp-json\/wp\/v2\/pages"}],"about":[{"href":"https:\/\/bsbh.fr\/index.php\/wp-json\/wp\/v2\/types\/page"}],"author":[{"embeddable":true,"href":"https:\/\/bsbh.fr\/index.php\/wp-json\/wp\/v2\/users\/1"}],"replies":[{"embeddable":true,"href":"https:\/\/bsbh.fr\/index.php\/wp-json\/wp\/v2\/comments?post=792"}],"version-history":[{"count":7,"href":"https:\/\/bsbh.fr\/index.php\/wp-json\/wp\/v2\/pages\/792\/revisions"}],"predecessor-version":[{"id":803,"href":"https:\/\/bsbh.fr\/index.php\/wp-json\/wp\/v2\/pages\/792\/revisions\/803"}],"wp:attachment":[{"href":"https:\/\/bsbh.fr\/index.php\/wp-json\/wp\/v2\/media?parent=792"}],"curies":[{"name":"wp","href":"https:\/\/api.w.org\/{rel}","templated":true}]}}