{"id":689,"date":"2025-11-03T14:08:43","date_gmt":"2025-11-03T13:08:43","guid":{"rendered":"https:\/\/bsbh.fr\/?page_id=689"},"modified":"2025-11-06T11:46:06","modified_gmt":"2025-11-06T10:46:06","slug":"bsbh-ems","status":"publish","type":"page","link":"https:\/\/bsbh.fr\/index.php\/bsbh-ems\/","title":{"rendered":"BSBH EMS"},"content":{"rendered":"\t\t<div data-elementor-type=\"wp-page\" data-elementor-id=\"689\" class=\"elementor elementor-689\" data-elementor-post-type=\"page\">\n\t\t\t\t<div class=\"elementor-element elementor-element-673fd73 e-flex e-con-boxed e-con e-parent\" data-id=\"673fd73\" data-element_type=\"container\" data-e-type=\"container\" data-settings=\"{&quot;background_background&quot;:&quot;slideshow&quot;,&quot;background_slideshow_gallery&quot;:[],&quot;background_slideshow_loop&quot;:&quot;yes&quot;,&quot;background_slideshow_slide_duration&quot;:5000,&quot;background_slideshow_slide_transition&quot;:&quot;fade&quot;,&quot;background_slideshow_transition_duration&quot;:500}\">\n\t\t\t\t\t<div class=\"e-con-inner\">\n\t\t<div class=\"elementor-element elementor-element-5f46ea3 e-con-full e-flex e-con e-child\" data-id=\"5f46ea3\" data-element_type=\"container\" data-e-type=\"container\" data-settings=\"{&quot;background_background&quot;:&quot;slideshow&quot;,&quot;background_slideshow_gallery&quot;:[{&quot;id&quot;:594,&quot;url&quot;:&quot;http:\\\/\\\/bsbh.fr\\\/wp-content\\\/uploads\\\/2025\\\/10\\\/3-3.png&quot;}],&quot;background_slideshow_loop&quot;:&quot;yes&quot;,&quot;background_slideshow_slide_duration&quot;:5000,&quot;background_slideshow_slide_transition&quot;:&quot;fade&quot;,&quot;background_slideshow_transition_duration&quot;:500}\">\n\t\t\t\t<div class=\"elementor-element elementor-element-f07bda7 elementor-widget elementor-widget-heading\" data-id=\"f07bda7\" data-element_type=\"widget\" data-e-type=\"widget\" data-widget_type=\"heading.default\">\n\t\t\t\t<div class=\"elementor-widget-container\">\n\t\t\t\t\t<h1 class=\"elementor-heading-title elementor-size-default\">BSBH EMS<\/h1>\t\t\t\t<\/div>\n\t\t\t\t<\/div>\n\t\t\t\t<div class=\"elementor-element elementor-element-1b82b18 elementor-widget__width-initial elementor-widget elementor-widget-text-editor\" data-id=\"1b82b18\" data-element_type=\"widget\" data-e-type=\"widget\" data-widget_type=\"text-editor.default\">\n\t\t\t\t<div class=\"elementor-widget-container\">\n\t\t\t\t\t\t\t\t\t<p>Une plateforme simple et puissante pour suivre vos consommations, connecter vos compteurs et piloter vos performances en toute autonomie.<\/p>\t\t\t\t\t\t\t\t<\/div>\n\t\t\t\t<\/div>\n\t\t\t\t<\/div>\n\t\t<div class=\"elementor-element elementor-element-dc72f48 e-con-full e-flex e-con e-child\" data-id=\"dc72f48\" data-element_type=\"container\" data-e-type=\"container\">\n\t\t<div class=\"elementor-element elementor-element-718f3b8 e-con-full e-flex e-con e-child\" data-id=\"718f3b8\" data-element_type=\"container\" data-e-type=\"container\">\n\t\t<div class=\"elementor-element elementor-element-d64a3e4 e-con-full e-flex e-con e-child\" data-id=\"d64a3e4\" data-element_type=\"container\" data-e-type=\"container\">\n\t\t\t\t<div class=\"elementor-element elementor-element-9bbd0d3 elementor-widget elementor-widget-text-editor\" data-id=\"9bbd0d3\" data-element_type=\"widget\" data-e-type=\"widget\" data-widget_type=\"text-editor.default\">\n\t\t\t\t<div class=\"elementor-widget-container\">\n\t\t\t\t\t\t\t\t\t<h3>Un besoin de pilotage \u00e9nerg\u00e9tique au-del\u00e0 du contr\u00f4le technique<\/h3><p>La GTB g\u00e8re vos \u00e9quipements, mais elle n\u2019est pas toujours pens\u00e9e pour le <strong data-start=\"1206\" data-end=\"1242\">pilotage \u00e9nerg\u00e9tique et hors installation technique<\/strong>.<br data-start=\"1243\" data-end=\"1246\" \/>BSBH EMS vous offre une <strong data-start=\"1272\" data-end=\"1295\">vision transversale<\/strong> : il rassemble vos donn\u00e9es issues de toutes sources (GTB, IoT, capteurs, compteurs, automates, API, etc.) dans une <strong data-start=\"1411\" data-end=\"1427\">base unifi\u00e9e<\/strong>.<\/p><p data-start=\"1437\" data-end=\"1452\">Vous pouvez :<\/p><ul data-start=\"1455\" data-end=\"1828\"><li data-start=\"1455\" data-end=\"1523\"><p data-start=\"1457\" data-end=\"1523\">\u00a0<strong data-start=\"1460\" data-end=\"1492\">Surveiller vos consommations<\/strong> et \u00e9missions en temps r\u00e9el\u00a0<\/p><\/li><li data-start=\"1526\" data-end=\"1599\"><p data-start=\"1528\" data-end=\"1599\"><strong data-start=\"1531\" data-end=\"1572\">Cr\u00e9er vos propres rapports et exports<\/strong> (PDF, Excel, PowerBI\u2026)\u00a0<\/p><\/li><li data-start=\"1602\" data-end=\"1676\"><p data-start=\"1604\" data-end=\"1676\"><strong data-start=\"1607\" data-end=\"1654\">Analyser vos KPI \u00e9nerg\u00e9tiques et financiers<\/strong> (\u20ac\/m\u00b2, kWh, tCO\u2082)\u00a0<\/p><\/li><li data-start=\"1679\" data-end=\"1752\"><p data-start=\"1681\" data-end=\"1752\"><strong data-start=\"1684\" data-end=\"1709\">Assurer la conformit\u00e9<\/strong> au d\u00e9cret tertiaire, BACS et ISO 50001\u00a0<\/p><\/li><li data-start=\"1755\" data-end=\"1828\"><p data-start=\"1757\" data-end=\"1828\"><strong data-start=\"1760\" data-end=\"1791\">D\u00e9finir vos plans d\u2019actions<\/strong> et suivre les \u00e9conomies r\u00e9alis\u00e9es.<\/p><\/li><\/ul><h3>S\u2019adapte \u00e0 toutes les architectures et \u00e0 tous les besoins<\/h3><p data-start=\"2003\" data-end=\"2284\">BSBH EMS peut fonctionner <strong data-start=\"2029\" data-end=\"2057\">ind\u00e9pendamment d\u2019une GTB<\/strong>, ou s\u2019y connecter pour extraire les donn\u00e9es utiles sans la surcharger.<br data-start=\"2128\" data-end=\"2131\" \/>Gr\u00e2ce \u00e0 sa <strong data-start=\"2144\" data-end=\"2176\">base de donn\u00e9es ind\u00e9pendante<\/strong>, il permet d\u2019ajouter des capteurs, compteurs ou \u00e9quipements sans modifier votre infrastructure existante.<\/p><p data-start=\"2291\" data-end=\"2487\">L\u2019EMS prend en charge nativement les principaux <strong data-start=\"2339\" data-end=\"2381\">protocoles du b\u00e2timent et de l\u2019\u00e9nergie<\/strong> :<br data-start=\"2383\" data-end=\"2386\" \/>\u00a0<strong data-start=\"2400\" data-end=\"2410\">Modbus<\/strong>, <strong data-start=\"2412\" data-end=\"2423\">LoRaWAN<\/strong>, <strong data-start=\"2425\" data-end=\"2433\">MQTT<\/strong>, <strong data-start=\"2435\" data-end=\"2442\">KNX<\/strong>, <strong data-start=\"2444\" data-end=\"2456\">API REST<\/strong>, <strong data-start=\"2458\" data-end=\"2468\">OPC UA<\/strong>, et plus encore.<\/p><p data-start=\"2494\" data-end=\"2607\">Chaque projet peut \u00e9voluer : ajouter un site, un usage ou un nouveau flux de donn\u00e9es ne demande aucune refonte.<\/p><h3 data-start=\"2494\" data-end=\"2607\">Vos donn\u00e9es deviennent des leviers d\u2019action<\/h3><p data-start=\"2778\" data-end=\"2966\">BSBH EMS vous permet de cr\u00e9er vos <strong data-start=\"2812\" data-end=\"2840\">dashboards personnalis\u00e9s<\/strong> :<br data-start=\"2842\" data-end=\"2845\" \/>consommation par site, usage ou \u00e9nergie, suivi des DJU, d\u00e9tection d\u2019anomalies, comparaison entre b\u00e2timents ou ann\u00e9es.<\/p><p data-start=\"2973\" data-end=\"3138\">Vous pouvez concevoir vos propres <strong data-start=\"3007\" data-end=\"3030\">exports automatis\u00e9s<\/strong> vers vos outils internes, et param\u00e9trer des <strong data-start=\"3075\" data-end=\"3100\">alertes intelligentes<\/strong> en cas de d\u00e9rive ou de d\u00e9passement.<\/p><p data-start=\"3145\" data-end=\"3251\">Chaque indicateur devient un <strong data-start=\"3174\" data-end=\"3203\">outil de d\u00e9cision concret<\/strong> : \u00e9conomique, \u00e9nerg\u00e9tique ou environnemental.<\/p><h3 data-start=\"3145\" data-end=\"3251\">Un outil ouvert, p\u00e9renne et compatible avec les syst\u00e8mes tiers<\/h3><p data-start=\"3417\" data-end=\"3588\">Gr\u00e2ce \u00e0 son approche <strong data-start=\"3438\" data-end=\"3462\">ouverte et API-first<\/strong>, BSBH EMS peut s\u2019int\u00e9grer \u00e0 d\u2019autres plateformes : GTB, CMMS, BIM, BIM exploitation, ou outils de gestion \u00e9nerg\u00e9tique existants.<\/p><p data-start=\"3595\" data-end=\"3702\">Cette interop\u00e9rabilit\u00e9 permet d\u2019\u00e9viter les syst\u00e8mes ferm\u00e9s et de garantir la <strong data-start=\"3672\" data-end=\"3699\">ma\u00eetrise de vos donn\u00e9es<\/strong>.<\/p><p data-start=\"3709\" data-end=\"3747\">Vous gardez la libert\u00e9 d\u2019\u00e9volution :<\/p><ul data-start=\"3750\" data-end=\"3911\"><li data-start=\"3750\" data-end=\"3793\"><p data-start=\"3752\" data-end=\"3793\">Ajouter une nouvelle source de donn\u00e9es,<\/p><\/li><li data-start=\"3796\" data-end=\"3836\"><p data-start=\"3798\" data-end=\"3836\">Connecter un nouvel outil d\u2019analyse,<\/p><\/li><li data-start=\"3839\" data-end=\"3911\"><p data-start=\"3841\" data-end=\"3911\">\u00c9tendre le suivi \u00e0 d\u2019autres usages (eau, confort, qualit\u00e9 de l\u2019air).<\/p><\/li><\/ul>\t\t\t\t\t\t\t\t<\/div>\n\t\t\t\t<\/div>\n\t\t\t\t<\/div>\n\t\t<div class=\"elementor-element elementor-element-c04a256 e-con-full e-flex e-con e-child\" data-id=\"c04a256\" data-element_type=\"container\" data-e-type=\"container\">\n\t\t\t\t<div class=\"elementor-element elementor-element-f2fe638 elementor-widget elementor-widget-image\" data-id=\"f2fe638\" data-element_type=\"widget\" data-e-type=\"widget\" data-widget_type=\"image.default\">\n\t\t\t\t<div class=\"elementor-widget-container\">\n\t\t\t\t\t\t\t\t\t\t\t\t\t\t\t<img fetchpriority=\"high\" decoding=\"async\" width=\"768\" height=\"398\" src=\"https:\/\/bsbh.fr\/wp-content\/uploads\/2025\/11\/Ems1-768x398.png\" class=\"attachment-medium_large size-medium_large wp-image-700\" alt=\"\" srcset=\"https:\/\/bsbh.fr\/wp-content\/uploads\/2025\/11\/Ems1-768x398.png 768w, https:\/\/bsbh.fr\/wp-content\/uploads\/2025\/11\/Ems1-300x155.png 300w, https:\/\/bsbh.fr\/wp-content\/uploads\/2025\/11\/Ems1.png 900w\" sizes=\"(max-width: 768px) 100vw, 768px\" \/>\t\t\t\t\t\t\t\t\t\t\t\t\t\t\t<\/div>\n\t\t\t\t<\/div>\n\t\t\t\t<div class=\"elementor-element elementor-element-e4a3953 elementor-view-default elementor-widget elementor-widget-icon\" data-id=\"e4a3953\" data-element_type=\"widget\" data-e-type=\"widget\" data-widget_type=\"icon.default\">\n\t\t\t\t<div class=\"elementor-widget-container\">\n\t\t\t\t\t\t\t<div class=\"elementor-icon-wrapper\">\n\t\t\t<div class=\"elementor-icon\">\n\t\t\t<svg aria-hidden=\"true\" class=\"e-font-icon-svg e-fas-long-arrow-alt-down\" viewBox=\"0 0 256 512\" xmlns=\"http:\/\/www.w3.org\/2000\/svg\"><path d=\"M168 345.941V44c0-6.627-5.373-12-12-12h-56c-6.627 0-12 5.373-12 12v301.941H41.941c-21.382 0-32.09 25.851-16.971 40.971l86.059 86.059c9.373 9.373 24.569 9.373 33.941 0l86.059-86.059c15.119-15.119 4.411-40.971-16.971-40.971H168z\"><\/path><\/svg>\t\t\t<\/div>\n\t\t<\/div>\n\t\t\t\t\t\t<\/div>\n\t\t\t\t<\/div>\n\t\t\t\t<div class=\"elementor-element elementor-element-c70e57f elementor-widget elementor-widget-image\" data-id=\"c70e57f\" data-element_type=\"widget\" data-e-type=\"widget\" data-widget_type=\"image.default\">\n\t\t\t\t<div class=\"elementor-widget-container\">\n\t\t\t\t\t\t\t\t\t\t\t\t\t\t\t<img decoding=\"async\" width=\"800\" height=\"478\" src=\"https:\/\/bsbh.fr\/wp-content\/uploads\/2025\/11\/EMS2.png\" class=\"attachment-large size-large wp-image-701\" alt=\"\" srcset=\"https:\/\/bsbh.fr\/wp-content\/uploads\/2025\/11\/EMS2.png 894w, https:\/\/bsbh.fr\/wp-content\/uploads\/2025\/11\/EMS2-300x179.png 300w, https:\/\/bsbh.fr\/wp-content\/uploads\/2025\/11\/EMS2-768x459.png 768w\" sizes=\"(max-width: 800px) 100vw, 800px\" \/>\t\t\t\t\t\t\t\t\t\t\t\t\t\t\t<\/div>\n\t\t\t\t<\/div>\n\t\t\t\t<div class=\"elementor-element elementor-element-66d080d elementor-view-default elementor-widget elementor-widget-icon\" data-id=\"66d080d\" data-element_type=\"widget\" data-e-type=\"widget\" data-widget_type=\"icon.default\">\n\t\t\t\t<div class=\"elementor-widget-container\">\n\t\t\t\t\t\t\t<div class=\"elementor-icon-wrapper\">\n\t\t\t<div class=\"elementor-icon\">\n\t\t\t<svg aria-hidden=\"true\" class=\"e-font-icon-svg e-fas-long-arrow-alt-down\" viewBox=\"0 0 256 512\" xmlns=\"http:\/\/www.w3.org\/2000\/svg\"><path d=\"M168 345.941V44c0-6.627-5.373-12-12-12h-56c-6.627 0-12 5.373-12 12v301.941H41.941c-21.382 0-32.09 25.851-16.971 40.971l86.059 86.059c9.373 9.373 24.569 9.373 33.941 0l86.059-86.059c15.119-15.119 4.411-40.971-16.971-40.971H168z\"><\/path><\/svg>\t\t\t<\/div>\n\t\t<\/div>\n\t\t\t\t\t\t<\/div>\n\t\t\t\t<\/div>\n\t\t\t\t<div class=\"elementor-element elementor-element-6e9f765 elementor-widget elementor-widget-image\" data-id=\"6e9f765\" data-element_type=\"widget\" data-e-type=\"widget\" data-widget_type=\"image.default\">\n\t\t\t\t<div class=\"elementor-widget-container\">\n\t\t\t\t\t\t\t\t\t\t\t\t\t\t\t<img decoding=\"async\" width=\"800\" height=\"435\" src=\"https:\/\/bsbh.fr\/wp-content\/uploads\/2025\/11\/ems3.png\" class=\"attachment-large size-large wp-image-703\" alt=\"\" srcset=\"https:\/\/bsbh.fr\/wp-content\/uploads\/2025\/11\/ems3.png 955w, https:\/\/bsbh.fr\/wp-content\/uploads\/2025\/11\/ems3-300x163.png 300w, https:\/\/bsbh.fr\/wp-content\/uploads\/2025\/11\/ems3-768x417.png 768w\" sizes=\"(max-width: 800px) 100vw, 800px\" \/>\t\t\t\t\t\t\t\t\t\t\t\t\t\t\t<\/div>\n\t\t\t\t<\/div>\n\t\t\t\t<\/div>\n\t\t\t\t<\/div>\n\t\t\t\t<\/div>\n\t\t\t\t\t<\/div>\n\t\t\t\t<\/div>\n\t\t<div class=\"elementor-element elementor-element-8271ee0 e-flex e-con-boxed e-con e-parent\" data-id=\"8271ee0\" data-element_type=\"container\" data-e-type=\"container\" data-settings=\"{&quot;background_background&quot;:&quot;gradient&quot;}\">\n\t\t\t\t\t<div class=\"e-con-inner\">\n\t\t\t\t<div class=\"elementor-element elementor-element-305cefe elementor-widget elementor-widget-heading\" data-id=\"305cefe\" data-element_type=\"widget\" data-e-type=\"widget\" data-widget_type=\"heading.default\">\n\t\t\t\t<div class=\"elementor-widget-container\">\n\t\t\t\t\t<h2 class=\"elementor-heading-title elementor-size-default\">Essayez BSBH EMS en d\u00e9mo<\/h2>\t\t\t\t<\/div>\n\t\t\t\t<\/div>\n\t\t\t\t<div class=\"elementor-element elementor-element-4a2f3f7 elementor-widget__width-initial elementor-widget elementor-widget-text-editor\" data-id=\"4a2f3f7\" data-element_type=\"widget\" data-e-type=\"widget\" data-widget_type=\"text-editor.default\">\n\t\t\t\t<div class=\"elementor-widget-container\">\n\t\t\t\t\t\t\t\t\t<p>Explorez l\u2019interface de supervision \u00e9nerg\u00e9tique en conditions r\u00e9elles.<br data-start=\"1045\" data-end=\"1048\" \/>Visualisez les tableaux de bord, les indicateurs et les fonctionnalit\u00e9s d\u2019analyse.<\/p>\t\t\t\t\t\t\t\t<\/div>\n\t\t\t\t<\/div>\n\t\t\t\t<div class=\"elementor-element elementor-element-8d2e96f elementor-align-center elementor-widget elementor-widget-button\" data-id=\"8d2e96f\" data-element_type=\"widget\" data-e-type=\"widget\" data-widget_type=\"button.default\">\n\t\t\t\t<div class=\"elementor-widget-container\">\n\t\t\t\t\t\t\t\t\t<div class=\"elementor-button-wrapper\">\n\t\t\t\t\t<a class=\"elementor-button elementor-button-link elementor-size-sm\" href=\"#\">\n\t\t\t\t\t\t<span class=\"elementor-button-content-wrapper\">\n\t\t\t\t\t\t\t\t\t<span class=\"elementor-button-text\">Acc\u00e9der \u00e0 la d\u00e9mo en ligne<\/span>\n\t\t\t\t\t<\/span>\n\t\t\t\t\t<\/a>\n\t\t\t\t<\/div>\n\t\t\t\t\t\t\t\t<\/div>\n\t\t\t\t<\/div>\n\t\t\t\t\t<\/div>\n\t\t\t\t<\/div>\n\t\t<div class=\"elementor-element elementor-element-ba3c226 e-flex e-con-boxed e-con e-parent\" data-id=\"ba3c226\" data-element_type=\"container\" data-e-type=\"container\" data-settings=\"{&quot;background_background&quot;:&quot;classic&quot;}\">\n\t\t\t\t\t<div class=\"e-con-inner\">\n\t\t\t\t<div class=\"elementor-element elementor-element-140382d elementor-widget elementor-widget-heading\" data-id=\"140382d\" data-element_type=\"widget\" data-e-type=\"widget\" data-widget_type=\"heading.default\">\n\t\t\t\t<div class=\"elementor-widget-container\">\n\t\t\t\t\t<h2 class=\"elementor-heading-title elementor-size-default\">Passez de la donn\u00e9e \u00e0 la performance<\/h2>\t\t\t\t<\/div>\n\t\t\t\t<\/div>\n\t\t<div class=\"elementor-element elementor-element-895c4ae e-con-full e-flex e-con e-child\" data-id=\"895c4ae\" data-element_type=\"container\" data-e-type=\"container\">\n\t\t\t\t<div class=\"elementor-element elementor-element-791e291 elementor-widget elementor-widget-button\" data-id=\"791e291\" data-element_type=\"widget\" data-e-type=\"widget\" data-widget_type=\"button.default\">\n\t\t\t\t<div class=\"elementor-widget-container\">\n\t\t\t\t\t\t\t\t\t<div class=\"elementor-button-wrapper\">\n\t\t\t\t\t<a class=\"elementor-button elementor-button-link elementor-size-sm\" href=\"https:\/\/bsbh.fr\/index.php\/contact-us\/\">\n\t\t\t\t\t\t<span class=\"elementor-button-content-wrapper\">\n\t\t\t\t\t\t\t\t\t<span class=\"elementor-button-text\">Contacter nous<\/span>\n\t\t\t\t\t<\/span>\n\t\t\t\t\t<\/a>\n\t\t\t\t<\/div>\n\t\t\t\t\t\t\t\t<\/div>\n\t\t\t\t<\/div>\n\t\t\t\t<div class=\"elementor-element elementor-element-dcced54 elementor-align-center elementor-widget elementor-widget-button\" data-id=\"dcced54\" data-element_type=\"widget\" data-e-type=\"widget\" data-widget_type=\"button.default\">\n\t\t\t\t<div class=\"elementor-widget-container\">\n\t\t\t\t\t\t\t\t\t<div class=\"elementor-button-wrapper\">\n\t\t\t\t\t<a class=\"elementor-button elementor-button-link elementor-size-sm\" href=\"https:\/\/bsbh.fr\/index.php\/bsbh-analyse\/\">\n\t\t\t\t\t\t<span class=\"elementor-button-content-wrapper\">\n\t\t\t\t\t\t\t\t\t<span class=\"elementor-button-text\">D\u00e9couvrir BSBH Analyse<\/span>\n\t\t\t\t\t<\/span>\n\t\t\t\t\t<\/a>\n\t\t\t\t<\/div>\n\t\t\t\t\t\t\t\t<\/div>\n\t\t\t\t<\/div>\n\t\t\t\t<\/div>\n\t\t\t\t\t<\/div>\n\t\t\t\t<\/div>\n\t\t\t\t<\/div>\n\t\t","protected":false},"excerpt":{"rendered":"<p>BSBH EMS Une plateforme simple et puissante pour suivre vos consommations, connecter vos compteurs et piloter vos performances en toute autonomie. Un besoin de pilotage \u00e9nerg\u00e9tique au-del\u00e0 du contr\u00f4le technique La GTB g\u00e8re vos \u00e9quipements, mais elle n\u2019est pas toujours pens\u00e9e pour le pilotage \u00e9nerg\u00e9tique et hors installation technique.BSBH EMS vous offre une vision transversale [&hellip;]<\/p>\n","protected":false},"author":1,"featured_media":0,"parent":0,"menu_order":0,"comment_status":"closed","ping_status":"closed","template":"","meta":{"iawp_total_views":5,"footnotes":""},"class_list":["post-689","page","type-page","status-publish","hentry"],"yoast_head":"<!-- This site is optimized with the Yoast SEO plugin v24.2 - https:\/\/yoast.com\/wordpress\/plugins\/seo\/ -->\n<title>BSBH EMS - BSBH Energie<\/title>\n<meta name=\"description\" content=\"BSBH d\u00e9ploie un EMS complet conforme ISO 50001 pour mesurer, suivre et am\u00e9liorer en continu la performance \u00e9nerg\u00e9tique de vos b\u00e2timents connect\u00e9s.\" \/>\n<meta name=\"robots\" content=\"index, follow, max-snippet:-1, max-image-preview:large, max-video-preview:-1\" \/>\n<link rel=\"canonical\" href=\"https:\/\/bsbh.fr\/index.php\/bsbh-ems\/\" \/>\n<meta property=\"og:locale\" content=\"fr_FR\" \/>\n<meta property=\"og:type\" content=\"article\" \/>\n<meta property=\"og:title\" content=\"BSBH EMS - BSBH Energie\" \/>\n<meta property=\"og:description\" content=\"BSBH d\u00e9ploie un EMS complet conforme ISO 50001 pour mesurer, suivre et am\u00e9liorer en continu la performance \u00e9nerg\u00e9tique de vos b\u00e2timents connect\u00e9s.\" \/>\n<meta property=\"og:url\" content=\"https:\/\/bsbh.fr\/index.php\/bsbh-ems\/\" \/>\n<meta property=\"og:site_name\" content=\"BSBH Energie\" \/>\n<meta property=\"article:modified_time\" content=\"2025-11-06T10:46:06+00:00\" \/>\n<meta property=\"og:image\" content=\"http:\/\/bsbh.fr\/wp-content\/uploads\/2025\/11\/Ems1-768x398.png\" \/>\n<meta name=\"twitter:card\" content=\"summary_large_image\" \/>\n<meta name=\"twitter:label1\" content=\"Dur\u00e9e de lecture estim\u00e9e\" \/>\n\t<meta name=\"twitter:data1\" content=\"3 minutes\" \/>\n<script type=\"application\/ld+json\" class=\"yoast-schema-graph\">{\"@context\":\"https:\/\/schema.org\",\"@graph\":[{\"@type\":\"WebPage\",\"@id\":\"https:\/\/bsbh.fr\/index.php\/bsbh-ems\/\",\"url\":\"https:\/\/bsbh.fr\/index.php\/bsbh-ems\/\",\"name\":\"BSBH EMS - BSBH Energie\",\"isPartOf\":{\"@id\":\"https:\/\/bsbh.fr\/#website\"},\"primaryImageOfPage\":{\"@id\":\"https:\/\/bsbh.fr\/index.php\/bsbh-ems\/#primaryimage\"},\"image\":{\"@id\":\"https:\/\/bsbh.fr\/index.php\/bsbh-ems\/#primaryimage\"},\"thumbnailUrl\":\"http:\/\/bsbh.fr\/wp-content\/uploads\/2025\/11\/Ems1-768x398.png\",\"datePublished\":\"2025-11-03T13:08:43+00:00\",\"dateModified\":\"2025-11-06T10:46:06+00:00\",\"description\":\"BSBH d\u00e9ploie un EMS complet conforme ISO 50001 pour mesurer, suivre et am\u00e9liorer en continu la performance \u00e9nerg\u00e9tique de vos b\u00e2timents connect\u00e9s.\",\"breadcrumb\":{\"@id\":\"https:\/\/bsbh.fr\/index.php\/bsbh-ems\/#breadcrumb\"},\"inLanguage\":\"fr-FR\",\"potentialAction\":[{\"@type\":\"ReadAction\",\"target\":[\"https:\/\/bsbh.fr\/index.php\/bsbh-ems\/\"]}]},{\"@type\":\"ImageObject\",\"inLanguage\":\"fr-FR\",\"@id\":\"https:\/\/bsbh.fr\/index.php\/bsbh-ems\/#primaryimage\",\"url\":\"http:\/\/bsbh.fr\/wp-content\/uploads\/2025\/11\/Ems1-768x398.png\",\"contentUrl\":\"http:\/\/bsbh.fr\/wp-content\/uploads\/2025\/11\/Ems1-768x398.png\"},{\"@type\":\"BreadcrumbList\",\"@id\":\"https:\/\/bsbh.fr\/index.php\/bsbh-ems\/#breadcrumb\",\"itemListElement\":[{\"@type\":\"ListItem\",\"position\":1,\"name\":\"Accueil\",\"item\":\"https:\/\/bsbh.fr\/\"},{\"@type\":\"ListItem\",\"position\":2,\"name\":\"BSBH EMS\"}]},{\"@type\":\"WebSite\",\"@id\":\"https:\/\/bsbh.fr\/#website\",\"url\":\"https:\/\/bsbh.fr\/\",\"name\":\"BSBH Energie\",\"description\":\"\",\"publisher\":{\"@id\":\"https:\/\/bsbh.fr\/#organization\"},\"potentialAction\":[{\"@type\":\"SearchAction\",\"target\":{\"@type\":\"EntryPoint\",\"urlTemplate\":\"https:\/\/bsbh.fr\/?s={search_term_string}\"},\"query-input\":{\"@type\":\"PropertyValueSpecification\",\"valueRequired\":true,\"valueName\":\"search_term_string\"}}],\"inLanguage\":\"fr-FR\"},{\"@type\":\"Organization\",\"@id\":\"https:\/\/bsbh.fr\/#organization\",\"name\":\"BSBH Energie\",\"url\":\"https:\/\/bsbh.fr\/\",\"logo\":{\"@type\":\"ImageObject\",\"inLanguage\":\"fr-FR\",\"@id\":\"https:\/\/bsbh.fr\/#\/schema\/logo\/image\/\",\"url\":\"https:\/\/bsbh.fr\/wp-content\/uploads\/2024\/09\/4-300x300-1-e1761741372122.png\",\"contentUrl\":\"https:\/\/bsbh.fr\/wp-content\/uploads\/2024\/09\/4-300x300-1-e1761741372122.png\",\"width\":196,\"height\":126,\"caption\":\"BSBH Energie\"},\"image\":{\"@id\":\"https:\/\/bsbh.fr\/#\/schema\/logo\/image\/\"},\"sameAs\":[\"https:\/\/www.linkedin.com\/company\/101250142\"]}]}<\/script>\n<!-- \/ Yoast SEO plugin. -->","yoast_head_json":{"title":"BSBH EMS - BSBH Energie","description":"BSBH d\u00e9ploie un EMS complet conforme ISO 50001 pour mesurer, suivre et am\u00e9liorer en continu la performance \u00e9nerg\u00e9tique de vos b\u00e2timents connect\u00e9s.","robots":{"index":"index","follow":"follow","max-snippet":"max-snippet:-1","max-image-preview":"max-image-preview:large","max-video-preview":"max-video-preview:-1"},"canonical":"https:\/\/bsbh.fr\/index.php\/bsbh-ems\/","og_locale":"fr_FR","og_type":"article","og_title":"BSBH EMS - BSBH Energie","og_description":"BSBH d\u00e9ploie un EMS complet conforme ISO 50001 pour mesurer, suivre et am\u00e9liorer en continu la performance \u00e9nerg\u00e9tique de vos b\u00e2timents connect\u00e9s.","og_url":"https:\/\/bsbh.fr\/index.php\/bsbh-ems\/","og_site_name":"BSBH Energie","article_modified_time":"2025-11-06T10:46:06+00:00","og_image":[{"url":"http:\/\/bsbh.fr\/wp-content\/uploads\/2025\/11\/Ems1-768x398.png","type":"","width":"","height":""}],"twitter_card":"summary_large_image","twitter_misc":{"Dur\u00e9e de lecture estim\u00e9e":"3 minutes"},"schema":{"@context":"https:\/\/schema.org","@graph":[{"@type":"WebPage","@id":"https:\/\/bsbh.fr\/index.php\/bsbh-ems\/","url":"https:\/\/bsbh.fr\/index.php\/bsbh-ems\/","name":"BSBH EMS - BSBH Energie","isPartOf":{"@id":"https:\/\/bsbh.fr\/#website"},"primaryImageOfPage":{"@id":"https:\/\/bsbh.fr\/index.php\/bsbh-ems\/#primaryimage"},"image":{"@id":"https:\/\/bsbh.fr\/index.php\/bsbh-ems\/#primaryimage"},"thumbnailUrl":"http:\/\/bsbh.fr\/wp-content\/uploads\/2025\/11\/Ems1-768x398.png","datePublished":"2025-11-03T13:08:43+00:00","dateModified":"2025-11-06T10:46:06+00:00","description":"BSBH d\u00e9ploie un EMS complet conforme ISO 50001 pour mesurer, suivre et am\u00e9liorer en continu la performance \u00e9nerg\u00e9tique de vos b\u00e2timents connect\u00e9s.","breadcrumb":{"@id":"https:\/\/bsbh.fr\/index.php\/bsbh-ems\/#breadcrumb"},"inLanguage":"fr-FR","potentialAction":[{"@type":"ReadAction","target":["https:\/\/bsbh.fr\/index.php\/bsbh-ems\/"]}]},{"@type":"ImageObject","inLanguage":"fr-FR","@id":"https:\/\/bsbh.fr\/index.php\/bsbh-ems\/#primaryimage","url":"http:\/\/bsbh.fr\/wp-content\/uploads\/2025\/11\/Ems1-768x398.png","contentUrl":"http:\/\/bsbh.fr\/wp-content\/uploads\/2025\/11\/Ems1-768x398.png"},{"@type":"BreadcrumbList","@id":"https:\/\/bsbh.fr\/index.php\/bsbh-ems\/#breadcrumb","itemListElement":[{"@type":"ListItem","position":1,"name":"Accueil","item":"https:\/\/bsbh.fr\/"},{"@type":"ListItem","position":2,"name":"BSBH EMS"}]},{"@type":"WebSite","@id":"https:\/\/bsbh.fr\/#website","url":"https:\/\/bsbh.fr\/","name":"BSBH Energie","description":"","publisher":{"@id":"https:\/\/bsbh.fr\/#organization"},"potentialAction":[{"@type":"SearchAction","target":{"@type":"EntryPoint","urlTemplate":"https:\/\/bsbh.fr\/?s={search_term_string}"},"query-input":{"@type":"PropertyValueSpecification","valueRequired":true,"valueName":"search_term_string"}}],"inLanguage":"fr-FR"},{"@type":"Organization","@id":"https:\/\/bsbh.fr\/#organization","name":"BSBH Energie","url":"https:\/\/bsbh.fr\/","logo":{"@type":"ImageObject","inLanguage":"fr-FR","@id":"https:\/\/bsbh.fr\/#\/schema\/logo\/image\/","url":"https:\/\/bsbh.fr\/wp-content\/uploads\/2024\/09\/4-300x300-1-e1761741372122.png","contentUrl":"https:\/\/bsbh.fr\/wp-content\/uploads\/2024\/09\/4-300x300-1-e1761741372122.png","width":196,"height":126,"caption":"BSBH Energie"},"image":{"@id":"https:\/\/bsbh.fr\/#\/schema\/logo\/image\/"},"sameAs":["https:\/\/www.linkedin.com\/company\/101250142"]}]}},"_links":{"self":[{"href":"https:\/\/bsbh.fr\/index.php\/wp-json\/wp\/v2\/pages\/689","targetHints":{"allow":["GET"]}}],"collection":[{"href":"https:\/\/bsbh.fr\/index.php\/wp-json\/wp\/v2\/pages"}],"about":[{"href":"https:\/\/bsbh.fr\/index.php\/wp-json\/wp\/v2\/types\/page"}],"author":[{"embeddable":true,"href":"https:\/\/bsbh.fr\/index.php\/wp-json\/wp\/v2\/users\/1"}],"replies":[{"embeddable":true,"href":"https:\/\/bsbh.fr\/index.php\/wp-json\/wp\/v2\/comments?post=689"}],"version-history":[{"count":16,"href":"https:\/\/bsbh.fr\/index.php\/wp-json\/wp\/v2\/pages\/689\/revisions"}],"predecessor-version":[{"id":777,"href":"https:\/\/bsbh.fr\/index.php\/wp-json\/wp\/v2\/pages\/689\/revisions\/777"}],"wp:attachment":[{"href":"https:\/\/bsbh.fr\/index.php\/wp-json\/wp\/v2\/media?parent=689"}],"curies":[{"name":"wp","href":"https:\/\/api.w.org\/{rel}","templated":true}]}}