{"id":110,"date":"2024-09-09T16:18:02","date_gmt":"2024-09-09T14:18:02","guid":{"rendered":"https:\/\/bsbh.fr\/index.php\/contact-us\/"},"modified":"2025-11-06T11:27:34","modified_gmt":"2025-11-06T10:27:34","slug":"contact-us","status":"publish","type":"page","link":"https:\/\/bsbh.fr\/index.php\/contact-us\/","title":{"rendered":"Contactez Nous"},"content":{"rendered":"\t\t<div data-elementor-type=\"wp-page\" data-elementor-id=\"110\" class=\"elementor elementor-110\" data-elementor-post-type=\"page\">\n\t\t\t\t<div class=\"elementor-element elementor-element-141d5a2d e-con-full e-flex e-con e-parent\" data-id=\"141d5a2d\" data-element_type=\"container\" data-e-type=\"container\" data-settings=\"{&quot;background_background&quot;:&quot;slideshow&quot;,&quot;background_slideshow_gallery&quot;:[{&quot;id&quot;:442,&quot;url&quot;:&quot;http:\\\/\\\/bsbh.fr\\\/wp-content\\\/uploads\\\/2025\\\/10\\\/pexels-pixabay-162539-scaled.jpg&quot;}],&quot;background_slideshow_loop&quot;:&quot;yes&quot;,&quot;background_slideshow_slide_duration&quot;:5000,&quot;background_slideshow_slide_transition&quot;:&quot;fade&quot;,&quot;background_slideshow_transition_duration&quot;:500}\">\n\t\t\t\t<div class=\"elementor-element elementor-element-29d6baf8 elementor-widget elementor-widget-heading\" data-id=\"29d6baf8\" data-element_type=\"widget\" data-e-type=\"widget\" data-widget_type=\"heading.default\">\n\t\t\t\t<div class=\"elementor-widget-container\">\n\t\t\t\t\t<h1 class=\"elementor-heading-title elementor-size-default\">Contactez-nous pour piloter votre performance \u00e9nerg\u00e9tique<\/h1>\t\t\t\t<\/div>\n\t\t\t\t<\/div>\n\t\t\t\t<div class=\"elementor-element elementor-element-100600d9 elementor-widget__width-initial elementor-widget elementor-widget-text-editor\" data-id=\"100600d9\" data-element_type=\"widget\" data-e-type=\"widget\" data-widget_type=\"text-editor.default\">\n\t\t\t\t<div class=\"elementor-widget-container\">\n\t\t\t\t\t\t\t\t\t<p>Que vous soyez au d\u00e9but de votre d\u00e9marche ou d\u00e9j\u00e0 engag\u00e9 dans la performance \u00e9nerg\u00e9tique, notre \u00e9quipe vous accompagne.<\/p>\t\t\t\t\t\t\t\t<\/div>\n\t\t\t\t<\/div>\n\t\t\t\t<div class=\"elementor-element elementor-element-b0e5532 elementor-widget elementor-widget-button\" data-id=\"b0e5532\" data-element_type=\"widget\" data-e-type=\"widget\" data-widget_type=\"button.default\">\n\t\t\t\t<div class=\"elementor-widget-container\">\n\t\t\t\t\t\t\t\t\t<div class=\"elementor-button-wrapper\">\n\t\t\t\t\t<a class=\"elementor-button elementor-button-link elementor-size-sm elementor-animation-grow\" href=\"#formulaire-contact\">\n\t\t\t\t\t\t<span class=\"elementor-button-content-wrapper\">\n\t\t\t\t\t\t\t\t\t<span class=\"elementor-button-text\">Parlez \u00e0 nos experts<\/span>\n\t\t\t\t\t<\/span>\n\t\t\t\t\t<\/a>\n\t\t\t\t<\/div>\n\t\t\t\t\t\t\t\t<\/div>\n\t\t\t\t<\/div>\n\t\t\t\t<\/div>\n\t\t<div class=\"elementor-element elementor-element-38399d0a e-con-full e-flex e-con e-parent\" data-id=\"38399d0a\" data-element_type=\"container\" data-e-type=\"container\">\n\t\t<div class=\"elementor-element elementor-element-6e4509ce e-con-full e-flex e-con e-child\" data-id=\"6e4509ce\" data-element_type=\"container\" data-e-type=\"container\" id=\"formulaire-contact\" data-settings=\"{&quot;background_background&quot;:&quot;classic&quot;}\">\n\t\t\t\t<div class=\"elementor-element elementor-element-4bbb8fa0 elementor-widget elementor-widget-heading\" data-id=\"4bbb8fa0\" data-element_type=\"widget\" data-e-type=\"widget\" data-widget_type=\"heading.default\">\n\t\t\t\t<div class=\"elementor-widget-container\">\n\t\t\t\t\t<h2 class=\"elementor-heading-title elementor-size-default\">Formulaire de contact<\/h2>\t\t\t\t<\/div>\n\t\t\t\t<\/div>\n\t\t\t\t<div class=\"elementor-element elementor-element-4681c590 elementor-button-align-center elementor-tablet-button-align-end elementor-mobile-button-align-stretch elementor-widget elementor-widget-form\" data-id=\"4681c590\" data-element_type=\"widget\" data-e-type=\"widget\" data-settings=\"{&quot;step_next_label&quot;:&quot;Next&quot;,&quot;step_previous_label&quot;:&quot;Previous&quot;,&quot;button_width&quot;:&quot;100&quot;,&quot;step_type&quot;:&quot;number_text&quot;,&quot;step_icon_shape&quot;:&quot;circle&quot;}\" data-widget_type=\"form.default\">\n\t\t\t\t<div class=\"elementor-widget-container\">\n\t\t\t\t\t\t\t<form class=\"elementor-form\" method=\"post\" name=\"New Form\" aria-label=\"New Form\">\n\t\t\t<input type=\"hidden\" name=\"post_id\" value=\"110\"\/>\n\t\t\t<input type=\"hidden\" name=\"form_id\" value=\"4681c590\"\/>\n\t\t\t<input type=\"hidden\" name=\"referer_title\" value=\"Contactez Nous - BSBH Energie\" \/>\n\n\t\t\t\t\t\t\t<input type=\"hidden\" name=\"queried_id\" value=\"110\"\/>\n\t\t\t\n\t\t\t<div class=\"elementor-form-fields-wrapper elementor-labels-\">\n\t\t\t\t\t\t\t\t<div class=\"elementor-field-type-text elementor-field-group elementor-column elementor-field-group-name elementor-col-50 elementor-field-required\">\n\t\t\t\t\t\t\t\t\t\t\t\t<label for=\"form-field-name\" class=\"elementor-field-label elementor-screen-only\">\n\t\t\t\t\t\t\t\tNom\t\t\t\t\t\t\t<\/label>\n\t\t\t\t\t\t\t\t\t\t\t\t\t\t<input size=\"1\" type=\"text\" name=\"form_fields[name]\" id=\"form-field-name\" class=\"elementor-field elementor-size-md  elementor-field-textual\" placeholder=\"*Nom\" required=\"required\">\n\t\t\t\t\t\t\t\t\t\t\t<\/div>\n\t\t\t\t\t\t\t\t<div class=\"elementor-field-type-email elementor-field-group elementor-column elementor-field-group-email elementor-col-50 elementor-field-required\">\n\t\t\t\t\t\t\t\t\t\t\t\t<label for=\"form-field-email\" class=\"elementor-field-label elementor-screen-only\">\n\t\t\t\t\t\t\t\tEmail\t\t\t\t\t\t\t<\/label>\n\t\t\t\t\t\t\t\t\t\t\t\t\t\t<input size=\"1\" type=\"email\" name=\"form_fields[email]\" id=\"form-field-email\" class=\"elementor-field elementor-size-md  elementor-field-textual\" placeholder=\"*Email\" required=\"required\">\n\t\t\t\t\t\t\t\t\t\t\t<\/div>\n\t\t\t\t\t\t\t\t<div class=\"elementor-field-type-text elementor-field-group elementor-column elementor-field-group-field_6e71188 elementor-col-50\">\n\t\t\t\t\t\t\t\t\t\t\t\t<label for=\"form-field-field_6e71188\" class=\"elementor-field-label elementor-screen-only\">\n\t\t\t\t\t\t\t\tCompany Name\t\t\t\t\t\t\t<\/label>\n\t\t\t\t\t\t\t\t\t\t\t\t\t\t<input size=\"1\" type=\"text\" name=\"form_fields[field_6e71188]\" id=\"form-field-field_6e71188\" class=\"elementor-field elementor-size-md  elementor-field-textual\" placeholder=\"Soci\u00e9t\u00e9\">\n\t\t\t\t\t\t\t\t\t\t\t<\/div>\n\t\t\t\t\t\t\t\t<div class=\"elementor-field-type-tel elementor-field-group elementor-column elementor-field-group-field_2ddce2c elementor-col-50\">\n\t\t\t\t\t\t\t\t\t\t\t\t<label for=\"form-field-field_2ddce2c\" class=\"elementor-field-label elementor-screen-only\">\n\t\t\t\t\t\t\t\tPhone Number\t\t\t\t\t\t\t<\/label>\n\t\t\t\t\t\t\t\t<input size=\"1\" type=\"tel\" name=\"form_fields[field_2ddce2c]\" id=\"form-field-field_2ddce2c\" class=\"elementor-field elementor-size-md  elementor-field-textual\" placeholder=\"Num\u00e9ro de t\u00e9l\u00e9phone\" pattern=\"[0-9()#&amp;+*-=.]+\" title=\"Seuls les caract\u00e8res de num\u00e9ros de t\u00e9l\u00e9phone (#, -, *, etc.) sont accept\u00e9s.\">\n\n\t\t\t\t\t\t<\/div>\n\t\t\t\t\t\t\t\t<div class=\"elementor-field-type-textarea elementor-field-group elementor-column elementor-field-group-message elementor-col-100\">\n\t\t\t\t\t\t\t\t\t\t\t\t<label for=\"form-field-message\" class=\"elementor-field-label elementor-screen-only\">\n\t\t\t\t\t\t\t\tHow can we help your business?\t\t\t\t\t\t\t<\/label>\n\t\t\t\t\t\t<textarea class=\"elementor-field-textual elementor-field  elementor-size-md\" name=\"form_fields[message]\" id=\"form-field-message\" rows=\"15\" placeholder=\"Message\"><\/textarea>\t\t\t\t<\/div>\n\t\t\t\t\t\t\t\t<div class=\"elementor-field-group elementor-column elementor-field-type-submit elementor-col-100 e-form__buttons\">\n\t\t\t\t\t<button class=\"elementor-button elementor-size-sm\" type=\"submit\">\n\t\t\t\t\t\t<span class=\"elementor-button-content-wrapper\">\n\t\t\t\t\t\t\t\t\t\t\t\t\t\t\t\t\t\t\t\t\t\t<span class=\"elementor-button-text\">Envoyer<\/span>\n\t\t\t\t\t\t\t\t\t\t\t\t\t<\/span>\n\t\t\t\t\t<\/button>\n\t\t\t\t<\/div>\n\t\t\t<\/div>\n\t\t<\/form>\n\t\t\t\t\t\t<\/div>\n\t\t\t\t<\/div>\n\t\t<div class=\"elementor-element elementor-element-628d15b4 e-con-full e-flex e-con e-child\" data-id=\"628d15b4\" data-element_type=\"container\" data-e-type=\"container\">\n\t\t<div class=\"elementor-element elementor-element-93993c3 e-con-full e-flex e-con e-child\" data-id=\"93993c3\" data-element_type=\"container\" data-e-type=\"container\">\n\t\t\t\t<div class=\"elementor-element elementor-element-1646dad9 elementor-widget elementor-widget-heading\" data-id=\"1646dad9\" data-element_type=\"widget\" data-e-type=\"widget\" data-widget_type=\"heading.default\">\n\t\t\t\t<div class=\"elementor-widget-container\">\n\t\t\t\t\t<p class=\"elementor-heading-title elementor-size-default\"><a href=\"mailto:info@starianconsulting.com\">contact@bsbh.fr<\/a><\/p>\t\t\t\t<\/div>\n\t\t\t\t<\/div>\n\t\t\t\t<\/div>\n\t\t<div class=\"elementor-element elementor-element-2f03d0b8 e-con-full e-flex e-con e-child\" data-id=\"2f03d0b8\" data-element_type=\"container\" data-e-type=\"container\">\n\t\t\t\t<div class=\"elementor-element elementor-element-604c57eb elementor-widget elementor-widget-text-editor\" data-id=\"604c57eb\" data-element_type=\"widget\" data-e-type=\"widget\" data-widget_type=\"text-editor.default\">\n\t\t\t\t<div class=\"elementor-widget-container\">\n\t\t\t\t\t\t\t\t\t<p>Nous travaillons \u00e0 l&rsquo;echelle nationale et internationale<\/p>\t\t\t\t\t\t\t\t<\/div>\n\t\t\t\t<\/div>\n\t\t\t\t<\/div>\n\t\t\t\t<\/div>\n\t\t\t\t<\/div>\n\t\t<div class=\"elementor-element elementor-element-2e36c9b0 e-con-full e-flex e-con e-child\" data-id=\"2e36c9b0\" data-element_type=\"container\" data-e-type=\"container\">\n\t\t\t\t<div class=\"elementor-element elementor-element-4e86508b elementor-widget elementor-widget-google_maps\" data-id=\"4e86508b\" data-element_type=\"widget\" data-e-type=\"widget\" data-widget_type=\"google_maps.default\">\n\t\t\t\t<div class=\"elementor-widget-container\">\n\t\t\t\t\t\t\t<div class=\"elementor-custom-embed\">\n\t\t\t<iframe loading=\"lazy\"\n\t\t\t\t\tsrc=\"https:\/\/maps.google.com\/maps?q=34000%20Montpellier&#038;t=m&#038;z=8&#038;output=embed&#038;iwloc=near\"\n\t\t\t\t\ttitle=\"34000 Montpellier\"\n\t\t\t\t\taria-label=\"34000 Montpellier\"\n\t\t\t><\/iframe>\n\t\t<\/div>\n\t\t\t\t\t\t<\/div>\n\t\t\t\t<\/div>\n\t\t\t\t<\/div>\n\t\t\t\t<\/div>\n\t\t\t\t<\/div>\n\t\t","protected":false},"excerpt":{"rendered":"<p>Contactez-nous pour piloter votre performance \u00e9nerg\u00e9tique Que vous soyez au d\u00e9but de votre d\u00e9marche ou d\u00e9j\u00e0 engag\u00e9 dans la performance \u00e9nerg\u00e9tique, notre \u00e9quipe vous accompagne. Parlez \u00e0 nos experts Formulaire de contact contact@bsbh.fr Nous travaillons \u00e0 l&rsquo;echelle nationale et internationale<\/p>\n","protected":false},"author":1,"featured_media":114,"parent":0,"menu_order":0,"comment_status":"closed","ping_status":"closed","template":"elementor_header_footer","meta":{"iawp_total_views":49,"footnotes":""},"class_list":["post-110","page","type-page","status-publish","has-post-thumbnail","hentry"],"yoast_head":"<!-- This site is optimized with the Yoast SEO plugin v24.2 - https:\/\/yoast.com\/wordpress\/plugins\/seo\/ -->\n<title>Contactez Nous - BSBH Energie<\/title>\n<meta name=\"robots\" content=\"index, follow, max-snippet:-1, max-image-preview:large, max-video-preview:-1\" \/>\n<link rel=\"canonical\" href=\"https:\/\/bsbh.fr\/index.php\/contact-us\/\" \/>\n<meta property=\"og:locale\" content=\"fr_FR\" \/>\n<meta property=\"og:type\" content=\"article\" \/>\n<meta property=\"og:title\" content=\"Contactez Nous - BSBH Energie\" \/>\n<meta property=\"og:description\" content=\"Contactez-nous pour piloter votre performance \u00e9nerg\u00e9tique Que vous soyez au d\u00e9but de votre d\u00e9marche ou d\u00e9j\u00e0 engag\u00e9 dans la performance \u00e9nerg\u00e9tique, notre \u00e9quipe vous accompagne. Parlez \u00e0 nos experts Formulaire de contact contact@bsbh.fr Nous travaillons \u00e0 l&rsquo;echelle nationale et internationale\" \/>\n<meta property=\"og:url\" content=\"https:\/\/bsbh.fr\/index.php\/contact-us\/\" \/>\n<meta property=\"og:site_name\" content=\"BSBH Energie\" \/>\n<meta property=\"article:modified_time\" content=\"2025-11-06T10:27:34+00:00\" \/>\n<meta property=\"og:image\" content=\"http:\/\/bsbh.fr\/wp-content\/uploads\/2024\/09\/Business-Consulting-Contact-Us.jpg\" \/>\n\t<meta property=\"og:image:width\" content=\"401\" \/>\n\t<meta property=\"og:image:height\" content=\"380\" \/>\n\t<meta property=\"og:image:type\" content=\"image\/jpeg\" \/>\n<meta name=\"twitter:card\" content=\"summary_large_image\" \/>\n<meta name=\"twitter:label1\" content=\"Dur\u00e9e de lecture estim\u00e9e\" \/>\n\t<meta name=\"twitter:data1\" content=\"1 minute\" \/>\n<script type=\"application\/ld+json\" class=\"yoast-schema-graph\">{\"@context\":\"https:\/\/schema.org\",\"@graph\":[{\"@type\":\"WebPage\",\"@id\":\"https:\/\/bsbh.fr\/index.php\/contact-us\/\",\"url\":\"https:\/\/bsbh.fr\/index.php\/contact-us\/\",\"name\":\"Contactez Nous - BSBH Energie\",\"isPartOf\":{\"@id\":\"https:\/\/bsbh.fr\/#website\"},\"primaryImageOfPage\":{\"@id\":\"https:\/\/bsbh.fr\/index.php\/contact-us\/#primaryimage\"},\"image\":{\"@id\":\"https:\/\/bsbh.fr\/index.php\/contact-us\/#primaryimage\"},\"thumbnailUrl\":\"https:\/\/bsbh.fr\/wp-content\/uploads\/2024\/09\/Business-Consulting-Contact-Us.jpg\",\"datePublished\":\"2024-09-09T14:18:02+00:00\",\"dateModified\":\"2025-11-06T10:27:34+00:00\",\"breadcrumb\":{\"@id\":\"https:\/\/bsbh.fr\/index.php\/contact-us\/#breadcrumb\"},\"inLanguage\":\"fr-FR\",\"potentialAction\":[{\"@type\":\"ReadAction\",\"target\":[\"https:\/\/bsbh.fr\/index.php\/contact-us\/\"]}]},{\"@type\":\"ImageObject\",\"inLanguage\":\"fr-FR\",\"@id\":\"https:\/\/bsbh.fr\/index.php\/contact-us\/#primaryimage\",\"url\":\"https:\/\/bsbh.fr\/wp-content\/uploads\/2024\/09\/Business-Consulting-Contact-Us.jpg\",\"contentUrl\":\"https:\/\/bsbh.fr\/wp-content\/uploads\/2024\/09\/Business-Consulting-Contact-Us.jpg\",\"width\":401,\"height\":380},{\"@type\":\"BreadcrumbList\",\"@id\":\"https:\/\/bsbh.fr\/index.php\/contact-us\/#breadcrumb\",\"itemListElement\":[{\"@type\":\"ListItem\",\"position\":1,\"name\":\"Accueil\",\"item\":\"https:\/\/bsbh.fr\/\"},{\"@type\":\"ListItem\",\"position\":2,\"name\":\"Contactez Nous\"}]},{\"@type\":\"WebSite\",\"@id\":\"https:\/\/bsbh.fr\/#website\",\"url\":\"https:\/\/bsbh.fr\/\",\"name\":\"BSBH Energie\",\"description\":\"\",\"publisher\":{\"@id\":\"https:\/\/bsbh.fr\/#organization\"},\"potentialAction\":[{\"@type\":\"SearchAction\",\"target\":{\"@type\":\"EntryPoint\",\"urlTemplate\":\"https:\/\/bsbh.fr\/?s={search_term_string}\"},\"query-input\":{\"@type\":\"PropertyValueSpecification\",\"valueRequired\":true,\"valueName\":\"search_term_string\"}}],\"inLanguage\":\"fr-FR\"},{\"@type\":\"Organization\",\"@id\":\"https:\/\/bsbh.fr\/#organization\",\"name\":\"BSBH Energie\",\"url\":\"https:\/\/bsbh.fr\/\",\"logo\":{\"@type\":\"ImageObject\",\"inLanguage\":\"fr-FR\",\"@id\":\"https:\/\/bsbh.fr\/#\/schema\/logo\/image\/\",\"url\":\"https:\/\/bsbh.fr\/wp-content\/uploads\/2024\/09\/4-300x300-1-e1761741372122.png\",\"contentUrl\":\"https:\/\/bsbh.fr\/wp-content\/uploads\/2024\/09\/4-300x300-1-e1761741372122.png\",\"width\":196,\"height\":126,\"caption\":\"BSBH Energie\"},\"image\":{\"@id\":\"https:\/\/bsbh.fr\/#\/schema\/logo\/image\/\"},\"sameAs\":[\"https:\/\/www.linkedin.com\/company\/101250142\"]}]}<\/script>\n<!-- \/ Yoast SEO plugin. -->","yoast_head_json":{"title":"Contactez Nous - BSBH Energie","robots":{"index":"index","follow":"follow","max-snippet":"max-snippet:-1","max-image-preview":"max-image-preview:large","max-video-preview":"max-video-preview:-1"},"canonical":"https:\/\/bsbh.fr\/index.php\/contact-us\/","og_locale":"fr_FR","og_type":"article","og_title":"Contactez Nous - BSBH Energie","og_description":"Contactez-nous pour piloter votre performance \u00e9nerg\u00e9tique Que vous soyez au d\u00e9but de votre d\u00e9marche ou d\u00e9j\u00e0 engag\u00e9 dans la performance \u00e9nerg\u00e9tique, notre \u00e9quipe vous accompagne. Parlez \u00e0 nos experts Formulaire de contact contact@bsbh.fr Nous travaillons \u00e0 l&rsquo;echelle nationale et internationale","og_url":"https:\/\/bsbh.fr\/index.php\/contact-us\/","og_site_name":"BSBH Energie","article_modified_time":"2025-11-06T10:27:34+00:00","og_image":[{"width":401,"height":380,"url":"http:\/\/bsbh.fr\/wp-content\/uploads\/2024\/09\/Business-Consulting-Contact-Us.jpg","type":"image\/jpeg"}],"twitter_card":"summary_large_image","twitter_misc":{"Dur\u00e9e de lecture estim\u00e9e":"1 minute"},"schema":{"@context":"https:\/\/schema.org","@graph":[{"@type":"WebPage","@id":"https:\/\/bsbh.fr\/index.php\/contact-us\/","url":"https:\/\/bsbh.fr\/index.php\/contact-us\/","name":"Contactez Nous - BSBH Energie","isPartOf":{"@id":"https:\/\/bsbh.fr\/#website"},"primaryImageOfPage":{"@id":"https:\/\/bsbh.fr\/index.php\/contact-us\/#primaryimage"},"image":{"@id":"https:\/\/bsbh.fr\/index.php\/contact-us\/#primaryimage"},"thumbnailUrl":"https:\/\/bsbh.fr\/wp-content\/uploads\/2024\/09\/Business-Consulting-Contact-Us.jpg","datePublished":"2024-09-09T14:18:02+00:00","dateModified":"2025-11-06T10:27:34+00:00","breadcrumb":{"@id":"https:\/\/bsbh.fr\/index.php\/contact-us\/#breadcrumb"},"inLanguage":"fr-FR","potentialAction":[{"@type":"ReadAction","target":["https:\/\/bsbh.fr\/index.php\/contact-us\/"]}]},{"@type":"ImageObject","inLanguage":"fr-FR","@id":"https:\/\/bsbh.fr\/index.php\/contact-us\/#primaryimage","url":"https:\/\/bsbh.fr\/wp-content\/uploads\/2024\/09\/Business-Consulting-Contact-Us.jpg","contentUrl":"https:\/\/bsbh.fr\/wp-content\/uploads\/2024\/09\/Business-Consulting-Contact-Us.jpg","width":401,"height":380},{"@type":"BreadcrumbList","@id":"https:\/\/bsbh.fr\/index.php\/contact-us\/#breadcrumb","itemListElement":[{"@type":"ListItem","position":1,"name":"Accueil","item":"https:\/\/bsbh.fr\/"},{"@type":"ListItem","position":2,"name":"Contactez Nous"}]},{"@type":"WebSite","@id":"https:\/\/bsbh.fr\/#website","url":"https:\/\/bsbh.fr\/","name":"BSBH Energie","description":"","publisher":{"@id":"https:\/\/bsbh.fr\/#organization"},"potentialAction":[{"@type":"SearchAction","target":{"@type":"EntryPoint","urlTemplate":"https:\/\/bsbh.fr\/?s={search_term_string}"},"query-input":{"@type":"PropertyValueSpecification","valueRequired":true,"valueName":"search_term_string"}}],"inLanguage":"fr-FR"},{"@type":"Organization","@id":"https:\/\/bsbh.fr\/#organization","name":"BSBH Energie","url":"https:\/\/bsbh.fr\/","logo":{"@type":"ImageObject","inLanguage":"fr-FR","@id":"https:\/\/bsbh.fr\/#\/schema\/logo\/image\/","url":"https:\/\/bsbh.fr\/wp-content\/uploads\/2024\/09\/4-300x300-1-e1761741372122.png","contentUrl":"https:\/\/bsbh.fr\/wp-content\/uploads\/2024\/09\/4-300x300-1-e1761741372122.png","width":196,"height":126,"caption":"BSBH Energie"},"image":{"@id":"https:\/\/bsbh.fr\/#\/schema\/logo\/image\/"},"sameAs":["https:\/\/www.linkedin.com\/company\/101250142"]}]}},"_links":{"self":[{"href":"https:\/\/bsbh.fr\/index.php\/wp-json\/wp\/v2\/pages\/110","targetHints":{"allow":["GET"]}}],"collection":[{"href":"https:\/\/bsbh.fr\/index.php\/wp-json\/wp\/v2\/pages"}],"about":[{"href":"https:\/\/bsbh.fr\/index.php\/wp-json\/wp\/v2\/types\/page"}],"author":[{"embeddable":true,"href":"https:\/\/bsbh.fr\/index.php\/wp-json\/wp\/v2\/users\/1"}],"replies":[{"embeddable":true,"href":"https:\/\/bsbh.fr\/index.php\/wp-json\/wp\/v2\/comments?post=110"}],"version-history":[{"count":23,"href":"https:\/\/bsbh.fr\/index.php\/wp-json\/wp\/v2\/pages\/110\/revisions"}],"predecessor-version":[{"id":762,"href":"https:\/\/bsbh.fr\/index.php\/wp-json\/wp\/v2\/pages\/110\/revisions\/762"}],"wp:featuredmedia":[{"embeddable":true,"href":"https:\/\/bsbh.fr\/index.php\/wp-json\/wp\/v2\/media\/114"}],"wp:attachment":[{"href":"https:\/\/bsbh.fr\/index.php\/wp-json\/wp\/v2\/media?parent=110"}],"curies":[{"name":"wp","href":"https:\/\/api.w.org\/{rel}","templated":true}]}}